{"id":29288,"date":"2025-04-10T22:37:36","date_gmt":"2025-04-10T22:37:36","guid":{"rendered":"https:\/\/ellyzaki.com\/organic-products\/miel-de-caroube-bio-250-g-edulcorant-naturel-ellyzaki\/"},"modified":"2026-04-01T21:31:20","modified_gmt":"2026-04-01T21:31:20","slug":"miel-de-caroube-bio-250-g-edulcorant-naturel-ellyzaki","status":"publish","type":"product","link":"https:\/\/ellyzaki.com\/fr\/miel-de-caroube-bio-250-g-edulcorant-naturel-ellyzaki\/","title":{"rendered":"Miel de caroube bio \u2013 250 g | \u00c9dulcorant naturel Ellyzaki"},"content":{"rendered":"<div id=\"attachment_6501\" style=\"width: 259px\" class=\"wp-caption aligncenter\"><img decoding=\"async\" aria-describedby=\"caption-attachment-6501\" class=\"wp-image-6501 size-medium\" title=\"Miel de caroube bio \u2013 250 g | \u00c9dulcorant naturel Ellyzaki\" src=\"https:\/\/ellyzaki.com\/wp-content\/uploads\/2025\/04\/product-meil-caroubeirc5Hz-249x272.webp\" alt=\"Miel de caroube bio \u2013 250 g\" width=\"249\" height=\"272\"><p id=\"caption-attachment-6501\" class=\"wp-caption-text\">Miel de caroube bio en pot de 250 g \u2013 \u00c9dulcorant naturel v\u00e9g\u00e9talien<\/p><\/div>\n<p style=\"text-align: center;\"><strong>D\u00e9couvrez la puissance de la nature avec notre Miel de Caroube Bio (250g).<\/strong><\/p>\n<ul style=\"text-align: center;\">\n<li>\ud83c\udf31 Fabriqu\u00e9 \u00e0 partir de gousses de caroube biologiques de premi\u00e8re qualit\u00e9<\/li>\n<li>\ud83d\udcaa Riche en calcium, en fer et en antioxydants<\/li>\n<li>\ud83c\udf6f Alternative naturelle au sucre \u2013 sans sucre ajout\u00e9 ni conservateurs<\/li>\n<li>\ud83c\udf0d Perfect for vegans, gluten-free, and eco-conscious consumers<\/li>\n<\/ul>\n<p style=\"text-align: center;\">Ce miel de caroube est id\u00e9al pour sucrer vos tisanes, smoothies, p\u00e2tisseries ou \u00e0 d\u00e9guster \u00e0 la cuill\u00e8re. Produit avec amour et respect de l&rsquo;environnement, directement \u00e0 partir d&rsquo;arbres m\u00e9diterran\u00e9ens. <\/p>\n","protected":false},"excerpt":{"rendered":"<blockquote data-start=\"454\" data-end=\"647\">\n<p class=\"\" data-start=\"456\" data-end=\"647\">Un \u00e9dulcorant naturel riche, fonc\u00e9 et velout\u00e9, fabriqu\u00e9 \u00e0 partir de gousses de caroube 100 % biologiques. Id\u00e9al pour des desserts sains, des th\u00e9s ou un apport nutritif quotidien. Sans gluten, v\u00e9g\u00e9talien et riche en antioxydants.  <\/p>\n<\/blockquote>\n<p class=\"\" data-start=\"649\" data-end=\"692\">\n","protected":false},"featured_media":15478,"comment_status":"open","ping_status":"closed","template":"","meta":[],"product_brand":[84],"product_cat":[167648],"product_tag":[167676,167683,167658,167663,167686],"class_list":{"0":"post-29288","1":"product","2":"type-product","3":"status-publish","4":"has-post-thumbnail","6":"product_brand-elly","7":"product_cat-miel","8":"product_tag-alternative-naturelle-au-sucre","9":"product_tag-edulcorant-biologique","10":"product_tag-miel-de-caroube","11":"product_tag-miel-de-caroube-fr","12":"product_tag-miel-vegetalien","14":"first","15":"instock","16":"sale","17":"shipping-taxable","18":"purchasable","19":"product-type-simple"},"_links":{"self":[{"href":"https:\/\/ellyzaki.com\/fr\/wp-json\/wp\/v2\/product\/29288","targetHints":{"allow":["GET"]}}],"collection":[{"href":"https:\/\/ellyzaki.com\/fr\/wp-json\/wp\/v2\/product"}],"about":[{"href":"https:\/\/ellyzaki.com\/fr\/wp-json\/wp\/v2\/types\/product"}],"replies":[{"embeddable":true,"href":"https:\/\/ellyzaki.com\/fr\/wp-json\/wp\/v2\/comments?post=29288"}],"wp:featuredmedia":[{"embeddable":true,"href":"https:\/\/ellyzaki.com\/fr\/wp-json\/wp\/v2\/media\/15478"}],"wp:attachment":[{"href":"https:\/\/ellyzaki.com\/fr\/wp-json\/wp\/v2\/media?parent=29288"}],"wp:term":[{"taxonomy":"product_brand","embeddable":true,"href":"https:\/\/ellyzaki.com\/fr\/wp-json\/wp\/v2\/product_brand?post=29288"},{"taxonomy":"product_cat","embeddable":true,"href":"https:\/\/ellyzaki.com\/fr\/wp-json\/wp\/v2\/product_cat?post=29288"},{"taxonomy":"product_tag","embeddable":true,"href":"https:\/\/ellyzaki.com\/fr\/wp-json\/wp\/v2\/product_tag?post=29288"}],"curies":[{"name":"wp","href":"https:\/\/api.w.org\/{rel}","templated":true}]}}