{"id":29287,"date":"2025-04-10T23:31:22","date_gmt":"2025-04-10T23:31:22","guid":{"rendered":"https:\/\/ellyzaki.com\/organic-products\/miel-de-caroube-bio-900-g-3175-oz-edulcorant-naturel-ellyzaki\/"},"modified":"2026-02-14T17:52:59","modified_gmt":"2026-02-14T17:52:59","slug":"miel-de-caroube-bio-900-g-3175-oz-edulcorant-naturel-ellyzaki","status":"publish","type":"product","link":"https:\/\/ellyzaki.com\/fr\/miel-de-caroube-bio-900-g-3175-oz-edulcorant-naturel-ellyzaki\/","title":{"rendered":"Miel de caroube bio \u2013 900 g (31,75 oz) | \u00c9dulcorant naturel Ellyzaki"},"content":{"rendered":"<div id=\"attachment_6510\" style=\"width: 214px\" class=\"wp-caption aligncenter\"><img decoding=\"async\" aria-describedby=\"caption-attachment-6510\" class=\"size-medium wp-image-6510\" src=\"https:\/\/ellyzaki.com\/wp-content\/uploads\/2025\/04\/product-meil-caroubeirIMkh-204x272.webp\" alt=\"Miel de caroube bio \u2013 900 g (31,75 oz) | \u00c9dulcorant naturel Ellyzaki\" width=\"204\" height=\"272\" title=\"\"><p id=\"caption-attachment-6510\" class=\"wp-caption-text\">Miel de caroube bio \u2013 900 g (31,75 oz) | \u00c9dulcorant naturel Ellyzaki<\/p><\/div>\n<p style=\"text-align: center;\"><strong>Obtenez davantage de ce que vous aimez avec notre miel de caroube biologique \u2013 900 g (31,75 oz).<\/strong><\/p>\n<ul style=\"text-align: center;\">\n<li>\ud83c\udf31Fabriqu\u00e9 \u00e0 partir de gousses de caroube biologiques de haute qualit\u00e9<\/li>\n<li>\ud83d\udcaa Riche en calcium, en fer et en antioxydants<\/li>\n<li>\ud83c\udf6fPot de grande taille \u2013 id\u00e9al pour les familles ou pour une utilisation r\u00e9guli\u00e8re<\/li>\n<li>\ud83c\udf0d V\u00e9g\u00e9talien, sans gluten et respectueux de l&rsquo;environnement<\/li>\n<\/ul>\n<p style=\"text-align: center;\">Ce d\u00e9lice m\u00e9diterran\u00e9en est un substitut naturel du sucre id\u00e9al pour le th\u00e9, les smoothies, les p\u00e2tisseries ou les sauces sal\u00e9es. Issu de cultures durables et riche en nutriments naturels, il est un incontournable de toute cuisine saine. <\/p>\n","protected":false},"excerpt":{"rendered":"<blockquote data-start=\"438\" data-end=\"609\">\n<p class=\"\" data-start=\"440\" data-end=\"609\">Un grand pot familial de notre miel de caroube biologique, riche et onctueux. Id\u00e9al pour une utilisation fr\u00e9quente dans les th\u00e9s, les desserts et la cuisine. 100 % naturel, v\u00e9g\u00e9talien et sans conservateur.  <\/p>\n<\/blockquote>\n<p class=\"\" data-start=\"611\" data-end=\"632\">\n","protected":false},"featured_media":15502,"comment_status":"open","ping_status":"closed","template":"","meta":[],"product_brand":[84],"product_cat":[167648],"product_tag":[167676,167683,167659,167658,167663,167686,167679],"class_list":{"0":"post-29287","1":"product","2":"type-product","3":"status-publish","4":"has-post-thumbnail","6":"product_brand-elly","7":"product_cat-miel","8":"product_tag-alternative-naturelle-au-sucre","9":"product_tag-edulcorant-biologique","10":"product_tag-melasse-de-caroube","11":"product_tag-miel-de-caroube","12":"product_tag-miel-de-caroube-fr","13":"product_tag-miel-vegetalien","14":"product_tag-sirop-de-caroube-biologique","16":"first","17":"instock","18":"sale","19":"shipping-taxable","20":"purchasable","21":"product-type-simple"},"_links":{"self":[{"href":"https:\/\/ellyzaki.com\/fr\/wp-json\/wp\/v2\/product\/29287","targetHints":{"allow":["GET"]}}],"collection":[{"href":"https:\/\/ellyzaki.com\/fr\/wp-json\/wp\/v2\/product"}],"about":[{"href":"https:\/\/ellyzaki.com\/fr\/wp-json\/wp\/v2\/types\/product"}],"replies":[{"embeddable":true,"href":"https:\/\/ellyzaki.com\/fr\/wp-json\/wp\/v2\/comments?post=29287"}],"wp:featuredmedia":[{"embeddable":true,"href":"https:\/\/ellyzaki.com\/fr\/wp-json\/wp\/v2\/media\/15502"}],"wp:attachment":[{"href":"https:\/\/ellyzaki.com\/fr\/wp-json\/wp\/v2\/media?parent=29287"}],"wp:term":[{"taxonomy":"product_brand","embeddable":true,"href":"https:\/\/ellyzaki.com\/fr\/wp-json\/wp\/v2\/product_brand?post=29287"},{"taxonomy":"product_cat","embeddable":true,"href":"https:\/\/ellyzaki.com\/fr\/wp-json\/wp\/v2\/product_cat?post=29287"},{"taxonomy":"product_tag","embeddable":true,"href":"https:\/\/ellyzaki.com\/fr\/wp-json\/wp\/v2\/product_tag?post=29287"}],"curies":[{"name":"wp","href":"https:\/\/api.w.org\/{rel}","templated":true}]}}